
{"id":35178,"date":"2016-09-06T21:57:32","date_gmt":"2016-09-06T18:57:32","guid":{"rendered":"http:\/\/prodidactica.artsintez.md\/en\/?page_id=35178"},"modified":"2018-02-23T17:03:57","modified_gmt":"2018-02-23T15:03:57","slug":"optional-curricula","status":"publish","type":"page","link":"http:\/\/prodidactica.md\/en\/optional-curricula\/","title":{"rendered":"OPTIONAL CURRICULA"},"content":{"rendered":"<p>Educational Center PRO DIDACTICA invites you to benefit from the possibility of online access of optional curricula.<\/p>\n<p><img decoding=\"async\" loading=\"lazy\" class=\"alignleft\" src=\"http:\/\/prodidactica.md\/wp-content\/uploads\/2010\/03\/pdf.jpg\" alt=\"\" width=\"20\" height=\"20\" \/><\/p>\n<p><a href=\"http:\/\/prodidactica.md\/wp-content\/uploads\/2018\/02\/Poster_Cultura-Bunei-Vecin\u0103t\u0103\u021bi.pdf\" target=\"_blank\">Poster Cultura Bunei Vecin\u0103t\u0103\u021bi<\/a><\/p>\n<p><img decoding=\"async\" loading=\"lazy\" class=\"alignleft\" src=\"http:\/\/prodidactica.md\/wp-content\/uploads\/2010\/03\/pdf.jpg\" alt=\"\" width=\"20\" height=\"20\" \/><\/p>\n<p><a href=\"http:\/\/prodidactica.md\/wp-content\/uploads\/2017\/10\/Curriculum_CBV_RO.pdf\" target=\"_blank\">CO Cultura bunei vecin\u0103t\u0103\u0163i clasele I-IV (ro)<\/a><\/p>\n<p><img decoding=\"async\" loading=\"lazy\" class=\"alignleft\" src=\"http:\/\/prodidactica.md\/wp-content\/uploads\/2010\/03\/pdf.jpg\" alt=\"\" width=\"20\" height=\"20\" \/><\/p>\n<p><a href=\"http:\/\/prodidactica.md\/wp-content\/uploads\/2017\/10\/Curriculum_CBV_RU.pdf\" target=\"_blank\">CO Cultura bunei vecin\u0103t\u0103\u0163i clasele I-IV (ru)<\/a><\/p>\n<p><img decoding=\"async\" loading=\"lazy\" class=\"alignleft\" src=\"http:\/\/prodidactica.md\/wp-content\/uploads\/2010\/03\/pdf.jpg\" alt=\"\" width=\"20\" height=\"20\" \/><a href=\"http:\/\/prodidactica.md\/wp-content\/uploads\/2016\/03\/CO_Cultura-Bunei-Vecin-Prescolari-RO.pdf\" target=\"_blank\" rel=\"\">CO Cultura bunei vecin\u0103t\u0103\u0163i pre\u015fcolari (ro)<\/a><\/p>\n<p><img decoding=\"async\" loading=\"lazy\" class=\"alignleft\" src=\"http:\/\/prodidactica.md\/wp-content\/uploads\/2010\/03\/pdf.jpg\" alt=\"\" width=\"20\" height=\"20\" \/><a href=\"http:\/\/prodidactica.md\/wp-content\/uploads\/2016\/03\/CO_Cultura-Bunei-Vecin-Prescolari-RU.pdf\" target=\"_blank\" rel=\"\">CO Cultura bunei vecin\u0103t\u0103\u0163i pre\u015fcolari (ru)<\/a><\/p>\n<p><img decoding=\"async\" loading=\"lazy\" class=\"alignleft\" src=\"http:\/\/prodidactica.md\/wp-content\/uploads\/2010\/03\/pdf.jpg\" alt=\"\" width=\"20\" height=\"20\" \/><a href=\"http:\/\/prodidactica.md\/wp-content\/uploads\/2016\/03\/CO_O-ora.pdf\" target=\"_blank\" rel=\"\">CO O or\u0103 pentru lectur\u0103<\/a><\/p>\n<p><img decoding=\"async\" loading=\"lazy\" class=\"alignleft\" src=\"http:\/\/prodidactica.md\/wp-content\/uploads\/2010\/03\/pdf.jpg\" alt=\"\" width=\"20\" height=\"20\" \/><a href=\"http:\/\/prodidactica.md\/wp-content\/uploads\/2016\/03\/CO_Citind-invat-sa-fiu.pdf\" target=\"_blank\" rel=\"\">CO Citind \u00eenv\u0103\u0163 s\u0103 fiu<\/a><\/p>\n<p><img decoding=\"async\" loading=\"lazy\" class=\"alignleft\" src=\"http:\/\/prodidactica.md\/wp-content\/uploads\/2010\/03\/pdf.jpg\" alt=\"\" width=\"20\" height=\"20\" \/><a href=\"http:\/\/prodidactica.md\/wp-content\/uploads\/2016\/03\/CO_Educatie-alteritate-Ro.pdf\" target=\"_blank\" rel=\"\">CO S\u0103 ne cunoa\u015ftem mai bine. Educa\u0163ie intercultural\u0103 prin intermediul literaturii etniilor conlocuitoare \u00een R. Moldova (rom\u00e2n\u0103, ucrainean\u0103, rus\u0103, g\u0103g\u0103uz\u0103, bulgar\u0103) (ro)<\/a><\/p>\n<p><img decoding=\"async\" loading=\"lazy\" class=\"alignleft\" src=\"http:\/\/prodidactica.md\/wp-content\/uploads\/2010\/03\/pdf.jpg\" alt=\"\" width=\"20\" height=\"20\" \/><a href=\"http:\/\/prodidactica.md\/wp-content\/uploads\/2016\/03\/CO_Educatie-alteritate-Ru.pdf\" target=\"_blank\" rel=\"\">CO S\u0103 ne cunoa\u015ftem mai bine. Educa\u0163ie intercultural\u0103 prin intermediul literaturii etniilor conlocuitoare \u00een R. Moldova (rom\u00e2n\u0103, ucrainean\u0103, rus\u0103, g\u0103g\u0103uz\u0103, bulgar\u0103) (ru)<\/a><\/p>\n<p><img decoding=\"async\" loading=\"lazy\" class=\"alignleft\" src=\"http:\/\/prodidactica.md\/wp-content\/uploads\/2010\/03\/pdf.jpg\" alt=\"\" width=\"20\" height=\"20\" \/><a href=\"http:\/\/prodidactica.md\/wp-content\/uploads\/2016\/03\/CO_Educatie-toleranta.pdf\" target=\"_blank\" rel=\"\">CO Educa\u0163ie pentru toleran\u0163\u0103<\/a><\/p>\n<p><img decoding=\"async\" loading=\"lazy\" class=\"alignleft\" src=\"http:\/\/prodidactica.md\/wp-content\/uploads\/2010\/03\/pdf.jpg\" alt=\"\" width=\"20\" height=\"20\" \/><a href=\"http:\/\/prodidactica.md\/wp-content\/uploads\/2017\/07\/CO_Ed-dezv-comunit.pdf\" target=\"_blank\" rel=\"\">CO Educa\u0163ie pentru dezvoltarea comunit\u0103\u0163ii<\/a><\/p>\n<p><img decoding=\"async\" loading=\"lazy\" class=\"alignleft\" src=\"http:\/\/prodidactica.md\/wp-content\/uploads\/2010\/03\/pdf.jpg\" alt=\"\" width=\"20\" height=\"20\" \/>\u00a0<a href=\"http:\/\/prodidactica.md\/wp-content\/uploads\/2017\/07\/CO_Educatie-pentru-echitate-de-gen-si-sanse-egale.pdf\" target=\"_blank\" rel=\"\">CO Educa\u0163ie pentru echitate de gen \u015fi \u015fanse egale<\/a><\/p>\n<p><img decoding=\"async\" loading=\"lazy\" class=\"alignleft\" src=\"http:\/\/prodidactica.md\/wp-content\/uploads\/2010\/03\/pdf.jpg\" alt=\"\" width=\"20\" height=\"20\" \/><a href=\"http:\/\/prodidactica.md\/wp-content\/uploads\/2017\/07\/CO_CAS.pdf\" target=\"_blank\" rel=\"\">CO S\u0103 \u00eenv\u0103\u0163\u0103m a g\u00eendi \u015fi a ac\u0163iona strategic<\/a><\/p>\n<p><img decoding=\"async\" loading=\"lazy\" class=\"alignleft\" src=\"http:\/\/prodidactica.md\/wp-content\/uploads\/2010\/03\/pdf.jpg\" alt=\"\" width=\"20\" height=\"20\" \/><\/p>\n<p><a href=\"http:\/\/prodidactica.md\/wp-content\/uploads\/2017\/07\/CO-Integrare-European\u0103-pentru-Tine.pdf\" target=\"_blank\">CO Integrare European\u0103 pentru Tine<\/a><\/p>\n","protected":false},"excerpt":{"rendered":"<p>Educational Center PRO DIDACTICA invites you to benefit from the possibility of online access of optional curricula. Poster Cultura Bunei Vecin\u0103t\u0103\u021bi CO Cultura bunei vecin\u0103t\u0103\u0163i clasele I-IV (ro) CO Cultura bunei vecin\u0103t\u0103\u0163i clasele I-IV (ru) CO Cultura bunei vecin\u0103t\u0103\u0163i pre\u015fcolari (ro) CO Cultura bunei vecin\u0103t\u0103\u0163i pre\u015fcolari (ru) CO O or\u0103 pentru lectur\u0103 CO Citind \u00eenv\u0103\u0163 [&hellip;]<\/p>\n","protected":false},"author":15,"featured_media":0,"parent":0,"menu_order":0,"comment_status":"closed","ping_status":"closed","template":"","meta":{"_bbp_topic_count":0,"_bbp_reply_count":0,"_bbp_total_topic_count":0,"_bbp_total_reply_count":0,"_bbp_voice_count":0,"_bbp_anonymous_reply_count":0,"_bbp_topic_count_hidden":0,"_bbp_reply_count_hidden":0,"_bbp_forum_subforum_count":0},"_links":{"self":[{"href":"http:\/\/prodidactica.md\/en\/wp-json\/wp\/v2\/pages\/35178"}],"collection":[{"href":"http:\/\/prodidactica.md\/en\/wp-json\/wp\/v2\/pages"}],"about":[{"href":"http:\/\/prodidactica.md\/en\/wp-json\/wp\/v2\/types\/page"}],"author":[{"embeddable":true,"href":"http:\/\/prodidactica.md\/en\/wp-json\/wp\/v2\/users\/15"}],"replies":[{"embeddable":true,"href":"http:\/\/prodidactica.md\/en\/wp-json\/wp\/v2\/comments?post=35178"}],"version-history":[{"count":13,"href":"http:\/\/prodidactica.md\/en\/wp-json\/wp\/v2\/pages\/35178\/revisions"}],"predecessor-version":[{"id":66704,"href":"http:\/\/prodidactica.md\/en\/wp-json\/wp\/v2\/pages\/35178\/revisions\/66704"}],"wp:attachment":[{"href":"http:\/\/prodidactica.md\/en\/wp-json\/wp\/v2\/media?parent=35178"}],"curies":[{"name":"wp","href":"https:\/\/api.w.org\/{rel}","templated":true}]}}