
{"id":35184,"date":"2016-03-15T14:36:14","date_gmt":"2016-03-15T14:36:14","guid":{"rendered":"http:\/\/prodidactica.artsintez.md\/en\/?page_id=35184"},"modified":"2021-11-22T16:06:42","modified_gmt":"2021-11-22T14:06:42","slug":"clubul-paideia-altfel-anunt","status":"publish","type":"page","link":"https:\/\/prodidactica.md\/en\/clubul-paideia-altfel-anunt\/","title":{"rendered":"CLUBUL DE DEZBATERI EDUCA\u021aIONALE PAIDEIA &#8220;altfel&#8221;"},"content":{"rendered":"<p style=\"text-align: justify\">Proiectul \u201c<strong>Clubul de dezbateri PAIDEIA\u00a0<em>altfel<\/em>\u00a0pentru cadrele didactice \u2013 noi provoc\u0103ri \u00een mediul de \u00eenv\u0103\u0163are online<\/strong>\u201c abordeaz\u0103 aspecte ale form\u0103rii profesionale \u0219i personale continue a cadrelor didactice prin intermediul \u015fedin\u0163elor clubului de dezbateri educa\u0163ionale. \u00cen condi\u0163iile pandemiei COVID-2019, relansarea \u015fedin\u0163elor clubului PAIDEIA \u00eentr-un nou format va spori \u015fansele particip\u0103rii extinse a cadrelor didactice, care vor \u00eensu\u015fi competen\u0163e specifice (digitale, alfabetizare func\u0163ional\u0103), precum \u015fi va contribui la diseminarea \u015fi promovarea bunelor practice educa\u0163ionale la nivel na\u0163ional.<\/p>\n<p style=\"text-align: justify\"><strong>Finan\u021bator:\u00a0\u00a0<\/strong>Re\u0163eaua Centrelor de Politic\u0103 Educa\u0163ional\u0103 NEPC, cu sediul la Zagreb, Croa\u0163ia.<\/p>\n<p style=\"text-align: justify\"><strong>Scopul proiectului:\u00a0<\/strong>sprijinirea dezvolt\u0103rii profesionale continue a cadrelor didactice (formarea competen\u0163elor specifice, digitale, alfabetizare func\u0163ional\u0103 etc.) prin intermediul \u015fedin\u0163elor online ale Clubului de dezbateri educa\u0163ionale PAIDEIA.<\/p>\n<p style=\"text-align: justify\"><strong>Obiective specifice:<\/strong><\/p>\n<ul style=\"text-align: justify\">\n<li>Desf\u0103\u015furarea unui studiu de evaluare a necesit\u0103\u0163ilor, cu scopul de a identifica domeniile de interes de formare continu\u0103 a cadrelor didactice;<\/li>\n<li>Elaborarea a 9 subiecte privind formarea continu\u0103 a cadrelor didactice;<\/li>\n<li>Organizarea \u015fi moderarea a 18 \u015fedin\u0163e ale Clubului PAIDEIA, cu participarea a 500 de cadre didactice (9 \u015fedin\u0163e online \u015fi 9 \u015fedin\u0163e fa\u0163\u0103 \u00een fa\u0163\u0103, inclusiv 3 \u015fedin\u0163e \u2013 desf\u0103\u015furate \u00een diferite regiuni ale \u021b\u0103rii);<\/li>\n<li>Producerea a 3 videoclipuri despre instrumente digitale de lucru pentru cadrele didactice \u015fi 1 videoclip privind experien\u0163a particip\u0103rii la \u015fedin\u0163ele Clubului PAIDEIA;<\/li>\n<li>Publicarea unei\u00a0culegeri care va prezenta\u00a0subiectele dezb\u0103tute la \u015fedin\u0163ele clubului PAIDEIA, inclusiv bunele practici educa\u0163ionale, ce vor fi diseminate la nivel na\u0163ional (variant\u0103 tip\u0103rit\u0103 \u015fi electronic\u0103).<\/li>\n<\/ul>\n<p style=\"text-align: justify\"><strong>Beneficiari:\u00a0<\/strong>\u00a0peste 500 de cadre didactice din institu\u0163ii preuniversitare vor fi implicate \u00een proiect (inclusiv 200 de cadre didactice din regiuni social vulnerabile vor beneficia de suport \u00een formarea competen\u0163elor digitale etc.);<\/p>\n<p style=\"text-align: justify\"><strong>Activit\u0103\u0163ile principale \u015fi rezultatele a\u015fteptate:<\/strong><\/p>\n<ul style=\"text-align: justify\">\n<li>Realizarea unui studiu de evaluare a necesit\u0103\u021bilor de formare profesional\u0103 continu\u0103 (chestionar online), cu scopul de a identifica subiectele de maxim interes \u0219i actualitate pentru cadrele didactice;<\/li>\n<li>Elaborarea a 9 subiecte privind formarea continu\u0103 a cadrelor didactice, inclusiv\u00a0<em>\u00eenv\u0103\u021barea online, securitatea \u00een mediul online, comunicarea online, \u0219coala de acas\u0103, alfabetizarea func\u021bional\u0103, educa\u021bie pentru s\u0103n\u0103tate \u00een perioada de criz\u0103, educa\u021bie pentru integritate<\/em>;<\/li>\n<li>Elaborarea materialelor didactice pentru \u0219edin\u021bele Clubului de c\u0103tre 9 formatori implica\u021bi, care vor sintetiza informa\u021biile relevante de la \u0219edin\u021be, din studiile empirice, bunele practici \u0219i le vor expune \u00een capitolele c\u0103r\u021bii;<\/li>\n<li>Organizarea a 18 \u0219edin\u021be ale Clubului PAIDEIA, cu implicarea a peste 500 de cadre didactice (9 \u0219edin\u021be online \u0219i 9 \u0219edin\u021be fa\u021b\u0103 \u00een fa\u021b\u0103, 3 \u0219edin\u021be \u2013 desf\u0103\u0219urate \u00een\u00a0 diferite regiuni ale \u021b\u0103rii);<\/li>\n<li>Implicarea a 200 de cadre didactice din regiuni social vulnerabile \u0219i sus\u021binerea acestora \u00een formarea profesional\u0103 continu\u0103 (\u00een mod special dob\u00e2ndirea de competen\u021be digitale, alfabetizare func\u021bional\u0103 etc.);<\/li>\n<li>Publicarea \u0219i lansarea\u00a0culegerii care va con\u021bine subiectele abordate \u00een cadrul \u0219edin\u021belor Clubului PAIDEIA, inclusiv experien\u021bele avansate ale cadrelor didactice (variant\u0103 tip\u0103rit\u0103 \u0219i electronic\u0103).<\/li>\n<li>Publicarea \u0219i diseminarea a 9 \u0219tiri despre activit\u0103\u021bile proiectului;<\/li>\n<li>Producerea a 3\u00a0videouri despre instrumente digitale de lucru pentru cadrele didactice \u015fi 2\u00a0videouri\u00a0privind experien\u0163a particip\u0103rii cadrelor didactice la \u015fedin\u0163ele Clubului PAIDEIA;<\/li>\n<li>Organizarea a 2 Conferin\u021be (de lansare a proiectului \u0219i conferin\u021ba final\u0103), cu scopul extinderii audien\u021bei Clubului PAIDEIA \u0219i promov\u0103rii bunelor practici educa\u021bionale la nivel na\u021bional.<\/li>\n<\/ul>\n<p style=\"text-align: justify\"><strong>Impactul a\u015fteptat:\u00a0<\/strong>proiectul va contribui la dezvoltarea profesional\u0103 \u015fi personal\u0103 a cadrelor didactice, prin dob\u00e2ndirea de competen\u0163e digitale specifice, alfabetizare func\u0163ional\u0103 etc. De asemenea, cadrele didactice vor valorifica \u00een procesul didactic noi instrumente de predare-\u00eenv\u0103\u0163are-evaluare online, promov\u00e2nd totodat\u0103 practici educa\u0163ionale avansate la nivel na\u0163ional.<\/p>\n<div class=\"row  \"><div class=\"col-sm-6 col-lg-6 col-md-6 \">\n<p><a href=\"https:\/\/www.youtube.com\/watch?v=cDw4yGZMYpY&amp;ab_channel=ProDidactica\" target=\"_blank\"><img decoding=\"async\" loading=\"lazy\" class=\"aligncenter wp-image-73900\" src=\"http:\/\/prodidactica.md\/wp-content\/uploads\/2016\/03\/6-300x159.jpg\" alt=\"6\" width=\"450\" height=\"239\" srcset=\"https:\/\/prodidactica.md\/wp-content\/uploads\/2016\/03\/6-300x159.jpg 300w, https:\/\/prodidactica.md\/wp-content\/uploads\/2016\/03\/6-768x408.jpg 768w, https:\/\/prodidactica.md\/wp-content\/uploads\/2016\/03\/6-1024x544.jpg 1024w, https:\/\/prodidactica.md\/wp-content\/uploads\/2016\/03\/6.jpg 1953w\" sizes=\"(max-width: 450px) 100vw, 450px\" \/><\/a><\/p>\n<\/div><div class=\"col-sm-6 col-lg-6 col-md-6 \">\n<p><a href=\"https:\/\/www.youtube.com\/watch?v=YTdVVIWbfLU&amp;t=95s&amp;ab_channel=ProDidactica\" target=\"_blank\"><img decoding=\"async\" loading=\"lazy\" class=\"aligncenter wp-image-73909\" src=\"http:\/\/prodidactica.md\/wp-content\/uploads\/2016\/03\/4-1-300x167.jpg\" alt=\"4\" width=\"450\" height=\"250\" srcset=\"https:\/\/prodidactica.md\/wp-content\/uploads\/2016\/03\/4-1-300x167.jpg 300w, https:\/\/prodidactica.md\/wp-content\/uploads\/2016\/03\/4-1-768x427.jpg 768w, https:\/\/prodidactica.md\/wp-content\/uploads\/2016\/03\/4-1-1024x570.jpg 1024w, https:\/\/prodidactica.md\/wp-content\/uploads\/2016\/03\/4-1.jpg 1957w\" sizes=\"(max-width: 450px) 100vw, 450px\" \/><\/a><\/p>\n<\/div><\/div>\n<div class=\"row  \"><div class=\"col-sm-6 col-lg-6 col-md-6 \">\n<p><a href=\"https:\/\/www.youtube.com\/watch?v=I6xIVo-iIHc&amp;ab_channel=ProDidactica\" target=\"_blank\"><img decoding=\"async\" loading=\"lazy\" class=\"aligncenter wp-image-73901\" src=\"http:\/\/prodidactica.md\/wp-content\/uploads\/2016\/03\/2-300x164.jpg\" alt=\"2\" width=\"450\" height=\"246\" srcset=\"https:\/\/prodidactica.md\/wp-content\/uploads\/2016\/03\/2-300x164.jpg 300w, https:\/\/prodidactica.md\/wp-content\/uploads\/2016\/03\/2-768x420.jpg 768w, https:\/\/prodidactica.md\/wp-content\/uploads\/2016\/03\/2-1024x560.jpg 1024w, https:\/\/prodidactica.md\/wp-content\/uploads\/2016\/03\/2.jpg 1969w\" sizes=\"(max-width: 450px) 100vw, 450px\" \/><\/a><\/p>\n<\/div><div class=\"col-sm-6 col-lg-6 col-md-6 \">\n<p><a href=\"https:\/\/www.youtube.com\/watch?v=edeULHd3s-8&amp;t=21s&amp;ab_channel=ProDidactica\" target=\"_blank\"><img decoding=\"async\" loading=\"lazy\" class=\"aligncenter wp-image-73898\" src=\"http:\/\/prodidactica.md\/wp-content\/uploads\/2016\/03\/3-300x166.jpg\" alt=\"3\" width=\"450\" height=\"249\" srcset=\"https:\/\/prodidactica.md\/wp-content\/uploads\/2016\/03\/3-300x166.jpg 300w, https:\/\/prodidactica.md\/wp-content\/uploads\/2016\/03\/3-768x425.jpg 768w, https:\/\/prodidactica.md\/wp-content\/uploads\/2016\/03\/3-1024x567.jpg 1024w, https:\/\/prodidactica.md\/wp-content\/uploads\/2016\/03\/3.jpg 1997w\" sizes=\"(max-width: 450px) 100vw, 450px\" \/><\/a><\/p>\n<\/div><\/div>\n","protected":false},"excerpt":{"rendered":"<p>Proiectul \u201cClubul de dezbateri PAIDEIA\u00a0altfel\u00a0pentru cadrele didactice \u2013 noi provoc\u0103ri \u00een mediul de \u00eenv\u0103\u0163are online\u201c abordeaz\u0103 aspecte ale form\u0103rii profesionale \u0219i personale continue a cadrelor didactice prin intermediul \u015fedin\u0163elor clubului de dezbateri educa\u0163ionale. \u00cen condi\u0163iile pandemiei COVID-2019, relansarea \u015fedin\u0163elor clubului PAIDEIA \u00eentr-un nou format va spori \u015fansele particip\u0103rii extinse a cadrelor didactice, care vor \u00eensu\u015fi [&hellip;]<\/p>\n","protected":false},"author":1,"featured_media":0,"parent":0,"menu_order":0,"comment_status":"closed","ping_status":"closed","template":"","meta":{"_bbp_topic_count":0,"_bbp_reply_count":0,"_bbp_total_topic_count":0,"_bbp_total_reply_count":0,"_bbp_voice_count":0,"_bbp_anonymous_reply_count":0,"_bbp_topic_count_hidden":0,"_bbp_reply_count_hidden":0,"_bbp_forum_subforum_count":0},"_links":{"self":[{"href":"https:\/\/prodidactica.md\/en\/wp-json\/wp\/v2\/pages\/35184"}],"collection":[{"href":"https:\/\/prodidactica.md\/en\/wp-json\/wp\/v2\/pages"}],"about":[{"href":"https:\/\/prodidactica.md\/en\/wp-json\/wp\/v2\/types\/page"}],"author":[{"embeddable":true,"href":"https:\/\/prodidactica.md\/en\/wp-json\/wp\/v2\/users\/1"}],"replies":[{"embeddable":true,"href":"https:\/\/prodidactica.md\/en\/wp-json\/wp\/v2\/comments?post=35184"}],"version-history":[{"count":109,"href":"https:\/\/prodidactica.md\/en\/wp-json\/wp\/v2\/pages\/35184\/revisions"}],"predecessor-version":[{"id":74097,"href":"https:\/\/prodidactica.md\/en\/wp-json\/wp\/v2\/pages\/35184\/revisions\/74097"}],"wp:attachment":[{"href":"https:\/\/prodidactica.md\/en\/wp-json\/wp\/v2\/media?parent=35184"}],"curies":[{"name":"wp","href":"https:\/\/api.w.org\/{rel}","templated":true}]}}