
{"id":64295,"date":"2016-10-19T19:14:27","date_gmt":"2016-10-19T16:14:27","guid":{"rendered":"http:\/\/prodidactica.md\/en\/?page_id=64295"},"modified":"2022-05-03T13:21:50","modified_gmt":"2022-05-03T10:21:50","slug":"video-resources","status":"publish","type":"page","link":"https:\/\/prodidactica.md\/en\/video-resources\/","title":{"rendered":"VIDEO RESOURCES"},"content":{"rendered":"<p><a href=\"https:\/\/www.youtube.com\/watch?v=Qf52ELVq52A\" target=\"_blank\"><img decoding=\"async\" loading=\"lazy\" class=\"aligncenter wp-image-74961 size-full\" src=\"http:\/\/prodidactica.md\/wp-content\/uploads\/2016\/10\/1-scurt.png\" alt=\"1-scurt\" width=\"1280\" height=\"720\" srcset=\"https:\/\/prodidactica.md\/wp-content\/uploads\/2016\/10\/1-scurt.png 1280w, https:\/\/prodidactica.md\/wp-content\/uploads\/2016\/10\/1-scurt-300x169.png 300w, https:\/\/prodidactica.md\/wp-content\/uploads\/2016\/10\/1-scurt-768x432.png 768w, https:\/\/prodidactica.md\/wp-content\/uploads\/2016\/10\/1-scurt-1024x576.png 1024w\" sizes=\"(max-width: 1280px) 100vw, 1280px\" \/><\/a><\/p>\n<p><a href=\"https:\/\/www.youtube.com\/watch?v=h5cbMphokMU\" target=\"_blank\"><img decoding=\"async\" loading=\"lazy\" class=\"aligncenter wp-image-74962\" src=\"http:\/\/prodidactica.md\/wp-content\/uploads\/2016\/10\/2-lung.png\" alt=\"2-lung\" width=\"1280\" height=\"720\" srcset=\"https:\/\/prodidactica.md\/wp-content\/uploads\/2016\/10\/2-lung.png 1280w, https:\/\/prodidactica.md\/wp-content\/uploads\/2016\/10\/2-lung-300x169.png 300w, https:\/\/prodidactica.md\/wp-content\/uploads\/2016\/10\/2-lung-768x432.png 768w, https:\/\/prodidactica.md\/wp-content\/uploads\/2016\/10\/2-lung-1024x576.png 1024w\" sizes=\"(max-width: 1280px) 100vw, 1280px\" \/><\/a><\/p>\n<p><a href=\"https:\/\/www.youtube.com\/watch?v=cDw4yGZMYpY&amp;ab_channel=ProDidactica\" target=\"_blank\"><img decoding=\"async\" loading=\"lazy\" class=\"aligncenter wp-image-73900 size-full\" src=\"http:\/\/prodidactica.md\/wp-content\/uploads\/2016\/03\/6.jpg\" alt=\"6\" width=\"1953\" height=\"1037\" srcset=\"https:\/\/prodidactica.md\/wp-content\/uploads\/2016\/03\/6.jpg 1953w, https:\/\/prodidactica.md\/wp-content\/uploads\/2016\/03\/6-300x159.jpg 300w, https:\/\/prodidactica.md\/wp-content\/uploads\/2016\/03\/6-768x408.jpg 768w, https:\/\/prodidactica.md\/wp-content\/uploads\/2016\/03\/6-1024x544.jpg 1024w\" sizes=\"(max-width: 1953px) 100vw, 1953px\" \/><\/a><\/p>\n<p><a href=\"https:\/\/www.youtube.com\/watch?v=YTdVVIWbfLU&amp;t=95s&amp;ab_channel=ProDidactica\" target=\"_blank\"><img decoding=\"async\" loading=\"lazy\" class=\"aligncenter wp-image-73909 size-full\" src=\"http:\/\/prodidactica.md\/wp-content\/uploads\/2016\/03\/4-1.jpg\" alt=\"4\" width=\"1957\" height=\"1089\" srcset=\"https:\/\/prodidactica.md\/wp-content\/uploads\/2016\/03\/4-1.jpg 1957w, https:\/\/prodidactica.md\/wp-content\/uploads\/2016\/03\/4-1-300x167.jpg 300w, https:\/\/prodidactica.md\/wp-content\/uploads\/2016\/03\/4-1-768x427.jpg 768w, https:\/\/prodidactica.md\/wp-content\/uploads\/2016\/03\/4-1-1024x570.jpg 1024w\" sizes=\"(max-width: 1957px) 100vw, 1957px\" \/><\/a><\/p>\n<p><a href=\"https:\/\/www.youtube.com\/watch?v=I6xIVo-iIHc&amp;ab_channel=ProDidactica\" target=\"_blank\"><img decoding=\"async\" loading=\"lazy\" class=\"aligncenter wp-image-73901 size-full\" src=\"http:\/\/prodidactica.md\/wp-content\/uploads\/2016\/03\/2.jpg\" alt=\"2\" width=\"1969\" height=\"1077\" srcset=\"https:\/\/prodidactica.md\/wp-content\/uploads\/2016\/03\/2.jpg 1969w, https:\/\/prodidactica.md\/wp-content\/uploads\/2016\/03\/2-300x164.jpg 300w, https:\/\/prodidactica.md\/wp-content\/uploads\/2016\/03\/2-768x420.jpg 768w, https:\/\/prodidactica.md\/wp-content\/uploads\/2016\/03\/2-1024x560.jpg 1024w\" sizes=\"(max-width: 1969px) 100vw, 1969px\" \/><\/a><\/p>\n<p><a href=\"https:\/\/www.youtube.com\/watch?v=edeULHd3s-8&amp;t=21s&amp;ab_channel=ProDidactica\" target=\"_blank\"><img decoding=\"async\" loading=\"lazy\" class=\"aligncenter wp-image-73898 size-full\" src=\"http:\/\/prodidactica.md\/wp-content\/uploads\/2016\/03\/3.jpg\" alt=\"3\" width=\"1997\" height=\"1105\" srcset=\"https:\/\/prodidactica.md\/wp-content\/uploads\/2016\/03\/3.jpg 1997w, https:\/\/prodidactica.md\/wp-content\/uploads\/2016\/03\/3-300x166.jpg 300w, https:\/\/prodidactica.md\/wp-content\/uploads\/2016\/03\/3-768x425.jpg 768w, https:\/\/prodidactica.md\/wp-content\/uploads\/2016\/03\/3-1024x567.jpg 1024w\" sizes=\"(max-width: 1997px) 100vw, 1997px\" \/><\/a><\/p>\n<p><strong>REZULTATELE PROIECTULUI &#8220;PROMOVAREA \u0218I DEZVOLTAREA EDUCA\u021aIEI INTERCULTURALE \u00ceN FORMAREA INI\u021aIAL\u0102 A CADRELOR DIDACTICE&#8221;<\/strong><\/p>\n<p><a href=\"https:\/\/youtu.be\/H2ay-xxHIRg\" target=\"_blank\"><img decoding=\"async\" loading=\"lazy\" class=\"aligncenter wp-image-72361 size-large\" src=\"http:\/\/prodidactica.md\/wp-content\/uploads\/2016\/10\/2222aa2a-1024x576-1024x576.jpg\" alt=\"2222aa2a-1024x576\" width=\"1024\" height=\"576\" srcset=\"https:\/\/prodidactica.md\/wp-content\/uploads\/2016\/10\/2222aa2a-1024x576.jpg 1024w, https:\/\/prodidactica.md\/wp-content\/uploads\/2016\/10\/2222aa2a-1024x576-300x169.jpg 300w, https:\/\/prodidactica.md\/wp-content\/uploads\/2016\/10\/2222aa2a-1024x576-768x432.jpg 768w\" sizes=\"(max-width: 1024px) 100vw, 1024px\" \/><\/a><\/p>\n<p><strong>DEZVOLTAREA \u0218I EVALUAREA COMPETEN\u021aEI INTERCULTURALE (9-11 octombrie 2017)<\/strong><\/p>\n<p><iframe loading=\"lazy\" width=\"1170\" height=\"878\" src=\"https:\/\/www.youtube.com\/embed\/Lk-Ub-7uBVA?feature=oembed\" frameborder=\"0\" gesture=\"media\" allowfullscreen><\/iframe><\/p>\n<p><strong>ACTUALIZAREA EXIGEN\u0162ELOR EDUCA\u0162IEI PENTRU PACE PRIN CULTURA BUNEI VECIN\u0102T\u0102\u0162I<\/strong><\/p>\n<p><iframe loading=\"lazy\" width=\"1170\" height=\"658\" src=\"https:\/\/www.youtube.com\/embed\/miwx2c67mmU?feature=oembed\" frameborder=\"0\" gesture=\"media\" allowfullscreen><\/iframe><\/p>\n<p style=\"text-align: justify\">\u00a0\u201e<strong>CULTURA<\/strong>\u00a0<strong>BUNEI VECIN\u0102T\u0102\u021aI<\/strong>\u201d <strong>NE \u00ceNVA\u021a\u0102, A FI DIFERIT E UN MOTIV DE A CUNOA\u0218TE DIVERSITATEA<\/strong><\/p>\n<div style=\"width: 640px;\" class=\"wp-video\"><!--[if lt IE 9]><script>document.createElement('video');<\/script><![endif]-->\n<video class=\"wp-video-shortcode\" id=\"video-64295-1\" width=\"640\" height=\"360\" preload=\"metadata\" controls=\"controls\"><source type=\"video\/mp4\" src=\"http:\/\/st1.agora.md\/video\/2017\/02\/Proiect%20Pro%20Didactica.mp4?_=1\" \/><a href=\"http:\/\/st1.agora.md\/video\/2017\/02\/Proiect%20Pro%20Didactica.mp4\">http:\/\/st1.agora.md\/video\/2017\/02\/Proiect%20Pro%20Didactica.mp4<\/a><\/video><\/div>\n<p style=\"text-align: justify\"><strong>EDUCA\u0162IE DE GEN \u00ceN \u015eCOAL\u0102. ELEVII \u015eI PROFESORII DIN MOLDOVA VOR PUTEA URMA UN CURS DE COMBATERE A DISCRIMIN\u0102RII<\/strong><\/p>\n<div style=\"width: 640px;\" class=\"wp-video\"><video class=\"wp-video-shortcode\" id=\"video-64295-2\" width=\"640\" height=\"360\" preload=\"metadata\" controls=\"controls\"><source type=\"video\/mp4\" src=\"http:\/\/st2.agora.md\/video\/2016\/12\/Egalitatea%20De%20Gen.mp4?_=2\" \/><a href=\"http:\/\/st2.agora.md\/video\/2016\/12\/Egalitatea%20De%20Gen.mp4\">http:\/\/st2.agora.md\/video\/2016\/12\/Egalitatea%20De%20Gen.mp4<\/a><\/video><\/div>\n<p style=\"text-align: justify\"><strong>CUNUNA DE SPERAN\u021aE. A WREATH OF HOPE!<\/strong><\/p>\n<p><iframe loading=\"lazy\" width=\"1170\" height=\"878\" src=\"https:\/\/www.youtube.com\/embed\/cRSmvIv19dw?feature=oembed\" frameborder=\"0\" gesture=\"media\" allowfullscreen><\/iframe><\/p>\n","protected":false},"excerpt":{"rendered":"<p>REZULTATELE PROIECTULUI &#8220;PROMOVAREA \u0218I DEZVOLTAREA EDUCA\u021aIEI INTERCULTURALE \u00ceN FORMAREA INI\u021aIAL\u0102 A CADRELOR DIDACTICE&#8221; DEZVOLTAREA \u0218I EVALUAREA COMPETEN\u021aEI INTERCULTURALE (9-11 octombrie 2017) ACTUALIZAREA EXIGEN\u0162ELOR EDUCA\u0162IEI PENTRU PACE PRIN CULTURA BUNEI VECIN\u0102T\u0102\u0162I \u00a0\u201eCULTURA\u00a0BUNEI VECIN\u0102T\u0102\u021aI\u201d NE \u00ceNVA\u021a\u0102, A FI DIFERIT E UN MOTIV DE A CUNOA\u0218TE DIVERSITATEA http:\/\/st1.agora.md\/video\/2017\/02\/Proiect%20Pro%20Didactica.mp4 EDUCA\u0162IE DE GEN \u00ceN \u015eCOAL\u0102. ELEVII \u015eI PROFESORII DIN MOLDOVA [&hellip;]<\/p>\n","protected":false},"author":1,"featured_media":0,"parent":0,"menu_order":0,"comment_status":"closed","ping_status":"closed","template":"","meta":{"_bbp_topic_count":0,"_bbp_reply_count":0,"_bbp_total_topic_count":0,"_bbp_total_reply_count":0,"_bbp_voice_count":0,"_bbp_anonymous_reply_count":0,"_bbp_topic_count_hidden":0,"_bbp_reply_count_hidden":0,"_bbp_forum_subforum_count":0},"_links":{"self":[{"href":"https:\/\/prodidactica.md\/en\/wp-json\/wp\/v2\/pages\/64295"}],"collection":[{"href":"https:\/\/prodidactica.md\/en\/wp-json\/wp\/v2\/pages"}],"about":[{"href":"https:\/\/prodidactica.md\/en\/wp-json\/wp\/v2\/types\/page"}],"author":[{"embeddable":true,"href":"https:\/\/prodidactica.md\/en\/wp-json\/wp\/v2\/users\/1"}],"replies":[{"embeddable":true,"href":"https:\/\/prodidactica.md\/en\/wp-json\/wp\/v2\/comments?post=64295"}],"version-history":[{"count":25,"href":"https:\/\/prodidactica.md\/en\/wp-json\/wp\/v2\/pages\/64295\/revisions"}],"predecessor-version":[{"id":74965,"href":"https:\/\/prodidactica.md\/en\/wp-json\/wp\/v2\/pages\/64295\/revisions\/74965"}],"wp:attachment":[{"href":"https:\/\/prodidactica.md\/en\/wp-json\/wp\/v2\/media?parent=64295"}],"curies":[{"name":"wp","href":"https:\/\/api.w.org\/{rel}","templated":true}]}}