
{"id":1873,"date":"2016-03-11T15:28:02","date_gmt":"2016-03-11T15:28:02","guid":{"rendered":"http:\/\/prodidactica.artsintez.md\/ru\/?page_id=1873"},"modified":"2024-04-30T10:50:31","modified_gmt":"2024-04-30T07:50:31","slug":"%d1%83%d1%81%d0%bb%d1%83%d0%b3%d0%b8","status":"publish","type":"page","link":"https:\/\/prodidactica.md\/ru\/%d1%83%d1%81%d0%bb%d1%83%d0%b3%d0%b8\/","title":{"rendered":"\u0423\u0421\u041b\u0423\u0413\u0418"},"content":{"rendered":"<h5 style=\"text-align: center\"><strong>\u041f\u0420\u0415\u0414\u041b\u041e\u0416\u0415\u041d\u0418\u042f \u041f\u041e \u041e\u0411\u0423\u0427\u0415\u041d\u0418\u042e \u041d\u0410 2024 \u0413\u041e\u0414<\/strong><\/h5>\n<div class=\"row  \"><div class=\"col-sm-6 col-lg-6 col-md-6 \">\n<h5>\u041e\u0411\u0423\u0427\u0415\u041d\u0418\u0415 \u0414\u0418\u0414\u0410\u041a\u0422\u0418\u0427\u0415\u0421\u041a\u0418\u0425 \u041a\u0410\u0414\u0420\u041e\u0412<\/h5>\n<p><img decoding=\"async\" loading=\"lazy\" class=\"alignleft size-full wp-image-1712\" src=\"http:\/\/prodidactica.md\/wp-content\/uploads\/2016\/03\/image3261.jpg\" alt=\"image3261\" width=\"128\" height=\"96\" \/><\/p>\n<p style=\"text-align: justify\">\u0426\u0435\u043d\u0442\u0440 \u043f\u0440\u0435\u0434\u043e\u0441\u0442\u0430\u0432\u043b\u044f\u0435\u0442 \u0434\u0438\u0434\u0430\u043a\u0442\u0438\u0447\u0435\u0441\u043a\u0438\u043c \u0438 \u043c\u0435\u043d\u0435\u0434\u0436\u0435\u0440\u0441\u043a\u0438\u043c \u043a\u0430\u0434\u0440\u0430\u043c \u043a\u0443\u0440\u0441\u044b \u043f\u043e\u0432\u044b\u0448\u0435\u043d\u0438\u044f \u043a\u0432\u0430\u043b\u0438\u0444\u0438\u043a\u0430\u0446\u0438\u0438 \u043d\u0430 \u043e\u0441\u043d\u043e\u0432\u0435 \u043b\u0438\u0446\u0435\u043d\u0437\u0438\u0438, \u0432\u044b\u0434\u0430\u043d\u043d\u043e\u0439 \u041a\u0430\u043c\u0435\u0440\u043e\u0439 \u043b\u0438\u0446\u0435\u043d\u0437\u0438\u0440\u043e\u0432\u0430\u043d\u0438\u044f \u0420\u0435\u0441\u043f\u0443\u0431\u043b\u0438\u043a\u0438 \u041c\u043e\u043b\u0434\u043e\u0432\u0430. \u0421\u0435\u0440\u0442\u0438\u0444\u0438\u043a\u0430\u0442\u044b \u0434\u0435\u0439\u0441\u0442\u0432\u0438\u0442\u0435\u043b\u044c\u043d\u044b \u043f\u0440\u0438 \u043f\u0435\u0440\u0438\u043e\u0434\u0438\u0447\u0435\u0441\u043a\u043e\u0439 \u0430\u0442\u0442\u0435\u0441\u0442\u0430\u0446\u0438\u0438 \u0434\u0438\u0434\u0430\u043a\u0442\u0438\u0447\u0435\u0441\u043a\u0438\u0445 \u043a\u0430\u0434\u0440\u043e\u0432.<\/p>\n<p style=\"text-align: right\"><em>\u0414\u043b\u044f \u0438\u043d\u0444\u043e\u0440\u043c\u0430\u0446\u0438\u0438:<\/em><br \/>\n<a href=\"mailto:prodidactica@prodidactica.md\">prodidactica@prodidactica.md<\/a><\/p>\n<\/div><div class=\"col-sm-6 col-lg-6 col-md-6 \">\n<h5>O\u0411\u0423\u0427\u0415\u041d\u0418\u0415 \u0422\u0420\u0415\u0419\u041d\u0415\u0420\u041e\u0412<\/h5>\n<p><img decoding=\"async\" loading=\"lazy\" class=\"alignleft size-full wp-image-1740\" src=\"http:\/\/prodidactica.md\/wp-content\/uploads\/2016\/03\/image17121.jpg\" alt=\"image17121\" width=\"140\" height=\"96\" \/><\/p>\n<p style=\"text-align: justify\">\u041a\u0443\u0440\u0441\u044b \u043f\u0440\u0435\u0434\u043d\u0430\u0437\u043d\u0430\u0447\u0435\u043d\u044b \u043b\u0438\u0446\u0430\u043c, \u0437\u0430\u0438\u043d\u0442\u0435\u0440\u0435\u0441\u043e\u0432\u0430\u043d\u043d\u044b\u043c \u0432 \u043f\u043e\u043b\u0443\u0447\u0435\u043d\u0438\u0438 \u043d\u0430\u0432\u044b\u043a\u043e\u0432 \u0434\u043b\u044f \u0444\u043e\u0440\u043c\u0430\u0442\u043e\u0440\u043e\u0432. \u041e\u0431\u043b\u0430\u0441\u0442\u0438: \u0440\u0430\u0431\u043e\u0442\u0430 \u0441\u043e \u0432\u0437\u0440\u043e\u0441\u043b\u044b\u043c\u0438, \u0432\u0435\u0434\u0435\u043d\u0438\u0435 \u0433\u0440\u0443\u043f\u043f, team building, leadership, \u043e\u0431\u0449\u0430\u044f \u043f\u0441\u0438\u0445\u043e\u043f\u0435\u0434\u0430\u0433\u043e\u0433\u0438\u043a\u0430, \u0434\u0438\u0434\u0430\u043a\u0442\u0438\u043a\u0430 \u0434\u0438\u0441\u0446\u0438\u043f\u043b\u0438\u043d, \u0430\u043a\u0441\u0438\u043e\u043b\u043e\u0433\u0438\u044f \u043e\u0431\u0440\u0430\u0437\u043e\u0432\u0430\u043d\u0438\u044f \u0438 \u0442.\u0434.<\/p>\n<p style=\"text-align: right\"><em>\u0414\u043b\u044f \u0438\u043d\u0444\u043e\u0440\u043c\u0430\u0446\u0438\u0438:<\/em><br \/>\n<a href=\"mailto:vpostica@prodidactica.md\">vpostica@prodidactica.md<\/a><\/p>\n<p style=\"text-align: left\"><\/div><\/div>\n<h5 style=\"text-align: center\"><strong><em>\u041f\u0420\u041e\u0413\u0420\u0410\u041c\u041c\u042b \u0423\u0422\u0412\u0415\u0420\u0416\u0414\u0415\u041d\u041d\u042b\u0415 \u041c\u0418\u041d\u0418\u0421\u0422\u0415\u0420\u0421\u0422\u0412<\/em><\/strong><strong><em>OM<\/em><\/strong><strong><em> \u041e\u0411\u0420\u0410\u0417\u041e\u0412\u0410\u041d\u0418\u042f \u0420\u0415\u0421\u041f\u0423\u0411\u041b\u0418\u041a\u0418 \u041c\u041e\u041b\u0414\u041e\u0412\u0410<\/em><\/strong><\/h5>\n<h6><strong>\u041f\u0420\u041e\u0413\u0420\u0410\u041c\u041c\u0410 <\/strong><em>\u0423\u0421\u041b\u0423\u0413\u0418 \u041f\u041e \u0417\u0410\u041f\u0420\u041e\u0421\u0410\u041c \u0411\u0415\u041d\u0415\u0424\u0418\u0426\u0418\u0410\u0420\u0410<\/em><\/h6>\n<p style=\"text-align: justify\">\u041e\u0431\u0440\u0430\u0437\u043e\u0432\u0430\u0442\u0435\u043b\u044c\u043d\u044b\u0439 \u0446\u0435\u043d\u0442\u0440 PRO DIDACTICA \u043f\u0440\u043e\u0434\u043e\u043b\u0436\u0430\u0435\u0442 \u043f\u0440\u0435\u0434\u043e\u0441\u0442\u0430\u0432\u043b\u044f\u0442\u044c \u043e\u0431\u0443\u0447a\u044e\u0449\u0438\u0435 \u043f\u0440\u043e\u0433\u0440\u0430\u043c\u043c\u044b \u043f\u043e \u0437\u0430\u043f\u0440\u043e\u0441\u0430\u043c \u0431\u0435\u043d\u0435\u0444\u0438\u0446\u0438\u0430\u0440\u043e\u0432.\u00a0\u00a0\u0426\u0435\u043d\u0442\u0440 \u043e\u0440\u0433\u0430\u043d\u0438\u0437\u0443\u0435\u0442 \u0434\u0438\u0434\u0430\u043a\u0442\u0438\u0447\u0435\u0441\u043a\u0438\u043c\u00a0\u0438 \u043c\u0435\u043d\u0435\u0434\u0436\u0435\u0440\u0441\u043a\u0438\u043c \u043a\u0430\u0434\u0440\u0430\u043c \u0438\u0437 \u0448\u043a\u043e\u043b \u0438 \u0443\u043d\u0438\u0432\u0435\u0440\u0441\u0438\u0442\u0435\u0442\u043e\u0432 \u043a\u0443\u0440\u0441\u044b \u043f\u043e\u0432\u044b\u0448\u0435\u043d\u0438\u044f \u043a\u0432\u0430\u043b\u0438\u0444\u0438\u043a\u0430\u0446\u0438\u0438 \u0443\u0442\u0432\u0435\u0440\u0436\u0434\u0435\u043d\u043d\u044b\u0435 \u041c\u0438\u043d\u0438\u0441\u0442\u0435\u0440\u0441\u0442\u0432\u043e\u043c \u041e\u0431\u0440\u0430\u0437\u043e\u0432\u0430\u043d\u0438\u044f \u0420\u0435\u0441\u043f\u0443\u0431\u043b\u0438\u043a\u0438 \u041c\u043e\u043b\u0434\u043e\u0432\u0430\u00a0, \u0432 \u0441\u043e\u043e\u0442\u0432\u0435\u0442\u0441\u0442\u0432\u0438\u0438 \u0441\u00a0\u043f\u0440\u0438\u043a\u0430\u0437\u043e\u043c \u043do. 822 \u043e\u0442 13 \u0430\u0432\u0433\u0443\u0441\u0442\u0430 2015 \u0433\u043e\u0434\u0430.<\/p>\n<p style=\"text-align: justify\"><strong>\u0421\u0435\u0440\u0442\u0438\u0444\u0438\u043a\u0430\u0442\u044b \u0434\u0435\u0439\u0441\u0442\u0432\u0438\u0442\u0435\u043b\u044c\u043d\u044b \u043f\u0440\u0438 \u043f\u0435\u0440\u0438\u043e\u0434\u0438\u0447\u0435\u0441\u043a\u043e\u0439 \u0430\u0442\u0442\u0435\u0441\u0442\u0430\u0446\u0438\u0438 \u0434\u0438\u0434\u0430\u043a\u0442\u0438\u0447\u0435\u0441\u043a\u0438\u0445 \u043a\u0430\u0434\u0440\u043e\u0432.<\/strong><\/p>\n<p style=\"text-align: justify\"><strong>\u0412 \u0442\u0435\u043a\u0443\u0449\u0435\u043c <\/strong><strong>\u0433\u043e\u0434\u0443<strong>, \u043c\u044b \u043f\u0440\u0435\u0434\u043b\u0430\u0433\u0430\u0435\u043c \u0441\u043b\u0435\u0434\u0443\u044e\u0449\u0438\u0435 \u0443\u0441\u043b\u0443\u0433\u0438 \u043f\u043e \u043e\u0431\u0443\u0447\u0435\u043d\u0438\u044e:<\/strong><\/strong><\/p>\n<ul style=\"text-align: justify\">\n<li>O\u0431\u0443\u0447\u0435\u043d\u0438e \u043d\u0430\u0432\u044b\u043a\u0430\u043c \u0447\u0435\u0440\u0435\u0437 \u0438\u043d\u0442\u0435\u0440\u0430\u043a\u0442\u0438\u0432\u043d\u044b\u0435 \u043c\u0435\u0442\u043e\u0434\u044b;<\/li>\n<li>\u0412\u043e\u0441\u043f\u0438\u0442\u0430\u043d\u0438\u0435 \u0440\u0430\u0432\u0435\u043d\u0441\u0442\u0432\u0430 \u043f\u043e\u043b\u043e\u0432 \u0438 \u0440\u0430\u0432\u0435\u043d\u0441\u0442\u0432\u0430 \u0448\u0430\u043d\u0441\u043e\u0432.<strong> (<\/strong>1-3-\u0434\u043d\u0435\u0432\u043d\u044b\u0439 \u0441\u0435\u043c\u0438\u043d\u0430\u0440 \u0434\u043b\u044f \u043a\u043b\u0430\u0441\u0441\u043d\u044b\u0445 \u0440\u0443\u043a\u043e\u0432\u043e\u0434\u0438\u0442\u0435\u043b\u0435\u0439 \u0438 \u0437\u0430\u043c\u0435\u0441\u0442\u0438\u0442\u0435\u043b\u0435\u0439 \u0434\u0438\u0440\u0435\u043a\u0442\u043e\u0440\u0432 \u043f\u043e \u0432\u043e\u0441\u043f\u0438\u0442\u0430\u0442\u0435\u043b\u044c\u043d\u043e\u0439 \u0440\u0430\u0431\u043e\u0442\u0435);<\/li>\n<li>\u041f\u0440\u0435\u043e\u0434\u043e\u043b\u0435\u043d\u0438\u0435 \u0442\u0440\u0443\u0434\u043d\u043e\u0441\u0442\u0435\u0439 \u043f\u0440\u0438 \u0447\u0442\u0435\u043d\u0438\u0438 \u0438 \u043f\u0438\u0441\u044c\u043c\u0435<strong> (<\/strong>ce\u043c\u0438\u043d\u0430\u0440 \u0434\u043b\u044f \u0443\u0447\u0438\u0442\u0435\u043b\u0435\u0439 \u043d\u0430\u0447\u0430\u043b\u044c\u043d\u044b\u0445 \u043a\u043b\u0430\u0441\u0441\u043e\u0432);<\/li>\n<li>\u0427\u0430\u0441 \u0434\u043b\u044f \u0447\u0442\u0435\u043d\u0438\u044f\u00a0(ce\u043c\u0438\u043d\u0430\u0440 \u0434\u043b\u044f\u00a0\u0443\u0447\u0438\u0442\u0435\u043b\u0435\u0439 \u043d\u0430\u0447\u0430\u043b\u044c\u043d\u044b\u0445 \u043a\u043b\u0430\u0441\u0441\u043e\u0432);<\/li>\n<li>\u041e\u0431\u0449\u0430\u044f \u043f\u0441\u0438\u0445\u043e\u043f\u0435\u0434\u0430\u0433\u043e\u0433\u0438\u043a\u0430;<\/li>\n<li>\u0427\u0430\u0441\u0442\u043d\u044b\u0435 \u0434\u0438\u0434\u0430\u043a\u0442\u0438\u043a\u0438 (\u043f\u043e \u043a\u0430\u0436\u0434\u043e\u0439 \u0434\u0438\u0441\u0446\u0438\u043f\u043b\u0438\u043d\u0435): \u0418\u043d\u0442\u0435\u0440\u0430\u043a\u0442\u0438\u0432\u043d\u044b\u0435 \u043c\u0435\u0442\u043e\u0434\u044b \u043f\u0440\u0435\u043f\u043e\u0434\u0430\u0432\u0430\u043d\u0438\u044f, \u043e\u0431\u0443\u0447\u0435\u043d\u0438\u044f \u0438 \u043e\u0446\u0435\u043d\u043a\u0438;<\/li>\n<li>\u0422\u0435\u043a\u0443\u0449\u0430\u044f \u043e\u0446\u0435\u043d\u043a\u0430 \u0440\u0435\u0437\u0443\u043b\u044c\u0442\u0430\u0442\u043e\u0432 \u043e\u0431\u0443\u0447\u0435\u043d\u0438\u044f;<\/li>\n<li>\u0418\u0442\u043e\u0433\u043e\u0432\u0430\u044f \u043e\u0446\u0435\u043d\u043a\u0430 \u0448\u043a\u043e\u043b\u044c\u043d\u044b\u0445 \u0440\u0435\u0437\u0443\u043b\u044c\u0442\u0430\u0442\u043e\u0432;<\/li>\n<li>\u041e\u0446\u0435\u043d\u043a\u0430 \u043d\u0430 \u043e\u0441\u043d\u043e\u0432\u0435 \u0441\u0442\u0430\u043d\u0434\u0430\u0440\u0442\u043e\u0432 \u043e\u0431\u0440\u0430\u0437\u043e\u0432\u0430\u043d\u0438\u044f;<\/li>\n<li>\u0420\u0430\u0437\u0432\u0438\u0442\u0438\u0435 \u043a\u0440\u0438\u0442\u0438\u0447\u0435\u0441\u043a\u043e\u0433\u043e \u043c\u044b\u0448\u043b\u0435\u043d\u0438\u044f \u0447\u0435\u0440\u0435\u0437 \u0447\u0442\u0435\u043d\u0438\u0435 \u0438 \u043f\u0438\u0441\u044c\u043c\u043e: \u0412\u0432\u043e\u0434\u043d\u044b\u0439 \u043a\u0443\u0440\u0441 \u0432 \u0427\u041f\u041a\u041c; \u041f\u0440\u043e\u0435\u043a\u0442\u0438\u0440\u043e\u0432\u0430\u043d\u0438\u0435 \u0443\u0440\u043e\u043a\u043e\u0432; \u0421\u0442\u0440\u0430\u0442\u0435\u0433\u0438\u0438 \u0441\u043e\u0434\u0435\u0439\u0441\u0442\u0432\u0438\u044f \u043a\u0440\u0438\u0442\u0438\u0447\u0435\u0441\u043a\u043e\u0433\u043e \u043c\u044b\u0448\u043b\u0435\u043d\u0438\u044f \u043d\u0430 \u0433\u0443\u043c\u0430\u043d\u0438\u0442\u0430\u0440\u043d\u044b\u0445 \u0434\u0438\u0441\u0446\u0438\u043f\u043b\u0438\u043d; \u0421\u0442\u0440\u0430\u0442\u0435\u0433\u0438\u0438 \u0441\u043e\u0434\u0435\u0439\u0441\u0442\u0432\u0438\u044f \u043a\u0440\u0438\u0442\u0438\u0447\u0435\u0441\u043a\u043e\u0433\u043e \u043c\u044b\u0448\u043b\u0435\u043d\u0438\u044f \u043d\u0430 \u0440\u0435\u0430\u043b\u044c\u043d\u044b\u0445 \u0434\u0438\u0441\u0446\u0438\u043f\u043b\u0438\u043d; \u0421\u043e\u0432\u043c\u0435\u0441\u0442\u043d\u043e\u0435 \u043e\u0431\u0443\u0447\u0435\u043d\u0438\u0435; \u041e\u0446\u0435\u043d\u043a\u0430 \u0443\u0440\u043e\u043a\u043e\u0432 \u043f\u043e \u043a\u043b\u044e\u0447\u0443 \u0427\u041f\u041a\u041c;<\/li>\n<li>\u041e\u0431\u0440\u0430\u0437\u043e\u0432\u0430\u0442\u0435\u043b\u044c\u043d\u044b\u0439 \u043c\u0435\u043d\u0435\u0434\u0436\u043c\u0435\u043d\u0442: M\u0435\u043d\u0435\u0434\u0436\u043c\u0435\u043d\u0442 \u0440\u0430\u0431\u043e\u0442\u044b \u0432 \u043a\u043e\u043c\u0430\u043d\u0434\u0435;<\/li>\n<li>\u0423\u043f\u0440\u0430\u0432\u043b\u0435\u043d\u0438\u0435 \u0447\u0435\u043b\u043e\u0432\u0435\u0447\u0435\u0441\u043a\u0438\u043c\u0438 \u0440\u0435\u0441\u0443\u0440\u0441\u0430\u043c\u0438; \u0420\u0430\u0437\u0440\u0430\u0431\u043e\u0442\u043a\u0430 \u043f\u0440\u043e\u0435\u043a\u0442\u0430 \u0441\u0442\u0440\u0430\u0442\u0435\u0433\u0438\u0447\u0435\u0441\u043a\u043e\u0433\u043e \u0440\u0430\u0437\u0432\u0438\u0442\u0438\u044f \u043e\u0440\u0433\u0430\u043d\u0438\u0437\u0430\u0446\u0438\u0438; \u0420\u0435\u0448\u0435\u043d\u0438\u0435 \u043f\u0440\u043e\u0431\u043b\u0435\u043c \u0438 \u043f\u0440\u0438\u043d\u044f\u0442\u0438\u0435 \u0440\u0435\u0448\u0435\u043d\u0438\u0439; \u041e\u0446\u0435\u043d\u043a\u0430 \u0448\u043a\u043e\u043b\u044c\u043d\u043e\u0439 \u0435\u0434\u0438\u043d\u0438\u0446\u044b; \u0422\u0430\u0439\u043c-\u043c\u0435\u043d\u0435\u0434\u0436\u043c\u0435\u043d\u0442; \u0421\u0442\u0440\u0430\u0442\u0435\u0433\u0438\u0447\u0435\u0441\u043a\u043e\u0435 \u043f\u043b\u0430\u043d\u0438\u0440\u043e\u0432\u0430\u043d\u0438\u0435; \u0420\u0430\u0437\u0440\u0430\u0431\u043e\u0442\u043a\u0430 \u0443\u0447\u0435\u0431\u043d\u044b\u0445 \u043f\u043b\u0430\u043d\u043e\u0432 \u0443\u0447\u0440\u0435\u0436\u0434\u0435\u043d\u0438\u0439; M\u043e\u0442\u0438\u0432\u0430\u0446\u0438\u044f \u0441\u043e\u0442\u0440\u0443\u0434\u043d\u0438\u043a\u043e\u0432; \u041b\u0438\u0434\u0435\u0440\u0441\u043a\u0438\u0435 \u043d\u0430\u0432\u044b\u043a\u0438; \u041d\u0430\u0432\u044b\u043a\u0438 \u0434\u0435\u043b\u0435\u0433\u0438\u0440\u043e\u0432\u0430\u043d\u0438\u044f; \u0421\u0438\u0442\u0443\u0430\u0446\u0438\u043e\u043d\u043d\u043e\u0435 \u043b\u0438\u0434\u0435\u0440\u0441\u0442\u0432\u043e; M\u0435\u043d\u0435\u0434\u0436\u043c\u0435\u043d\u0442 \u0438\u0437\u043c\u0435\u043d\u0435\u043d\u0438\u0439; \u0420\u0435\u0430\u043b\u0438\u0437\u0430\u0446\u0438\u044f \u043a\u0443\u0440\u0438\u043a\u0443\u043b\u0443\u043c\u0430 \u0448\u043a\u043e\u043b\u044b; \u0418\u0441\u043a\u0443\u0441\u0441\u0442\u0432\u043e \u043d\u0430\u043f\u0440\u0430\u0432\u043b\u0435\u043d\u0438\u044f; \u041d\u0430\u0432\u044b\u043a\u0438 \u044d\u0444\u0444\u0435\u043a\u0442\u0438\u0432\u043d\u043e\u0433\u043e \u043c\u0435\u043d\u0435\u0434\u0436\u0435\u0440\u0430; \u042d\u0444\u0444\u0435\u043a\u0442\u0438\u0432\u043d\u044b\u0435 \u043a\u043e\u043c\u043c\u0443\u043d\u0438\u043a\u0430\u0442\u0438\u0432\u043d\u044b\u0435 \u043d\u0430\u0432\u044b\u043a\u0438; \u0423\u0441\u043f\u0435\u0448\u043d\u0430\u044f \u043f\u0440\u0435\u0437\u0435\u043d\u0442\u0430\u0446\u0438\u044f;<\/li>\n<li>\u041f\u0440\u043e\u0433\u0440\u0430\u043c\u043c\u0430 \u0434\u043b\u044f \u0448\u043a\u043e\u043b\u044c\u043d\u044b\u0445 \u043f\u0441\u0438\u0445\u043e\u043b\u043e\u0433\u043e\u0432: \u0423\u043f\u0440\u0430\u0432\u043b\u0435\u043d\u0438\u0435 \u0441\u0442\u0440\u0435\u0441\u0441\u043e\u043c; \u041a\u043e\u043d\u0444\u043b\u0438\u043a\u0442\u044b \u0438 \u0440\u0430\u0437\u0440\u0435\u0448\u0435\u043d\u0438\u0435 \u043a\u043e\u043d\u0444\u043b\u0438\u043a\u0442\u043e\u0432; \u0423\u0442\u0432\u0435\u0440\u0434\u0438\u0442\u0435\u043b\u044c\u043d\u0430\u044f \u043a\u043e\u043c\u043c\u0443\u043d\u0438\u043a\u0430\u0446\u0438\u044f; \u0421\u0430\u043c\u043e\u043f\u043e\u0437\u043d\u0430\u043d\u0438\u0435 \u0438 \u043c\u0435\u0436\u043b\u0438\u0447\u043d\u043e\u0441\u0442\u043d\u043e\u0435 \u043e\u0431\u0449\u0435\u043d\u0438\u0435. \u041f\u0441\u0438\u0445\u043e\u043b\u043e\u0433\u0438\u0447\u0435\u0441\u043a\u0438\u0435 \u043f\u0440\u043e\u0431\u043b\u0435\u043c\u044b \u0432 \u0440\u0430\u0431\u043e\u0442\u0435 \u0441\u043e \u0441\u0442\u0443\u0434\u0435\u043d\u0442\u0430\u043c\u0438 (\u043f\u0440\u043e\u0433\u0440\u0430\u043c\u043c\u0430 \u0434\u043b\u044f \u0443\u0447\u0438\u0442\u0435\u043b\u0435\u0439 \u043a\u043b\u0430\u0441\u0441\u0430 \u043d\u0430 \u043e\u0441\u043d\u043e\u0432\u0435 \u0444\u0443\u043d\u043a\u0446\u0438\u043e\u043d\u0430\u043b\u044c\u043d\u043e\u0433\u043e \u043d\u0430\u0431\u043e\u0440\u0430 \u0423\u0427\u0423\u0421\u042c\u00a0\u0411\u042b\u0422\u042c);<\/li>\n<li>\u0412\u043e\u0441\u043f\u0438\u0442\u0430\u043d\u0438\u0435 \u0442\u043e\u043b\u0435\u0440\u0430\u043d\u0442\u043d\u043e\u0441\u0442\u0438;<\/li>\n<li>\u041e\u0431\u0440\u0430\u0437\u043e\u0432\u0430\u043d\u0438\u0435 \u0434\u043b\u044f \u0440\u0430\u0437\u0432\u0438\u0442\u0438\u044f \u043b\u0438\u0447\u043d\u043e\u0441\u0442\u0438;<\/li>\n<li>\u041e\u0431\u0440\u0430\u0437\u043e\u0432\u0430\u043d\u0438\u0435 \u0434\u043b\u044f \u0440\u0430\u0437\u0432\u0438\u0442\u0438\u044f \u0441\u043e\u043e\u0431\u0449\u0435\u0441\u0442\u0432\u0430;<\/li>\n<li>\u041c\u0435\u0436\u043a\u0443\u043b\u044c\u0442\u0443\u0440\u043d\u043e\u0435 \u043e\u0431\u0440\u0430\u0437\u043e\u0432\u0430\u043d\u0438\u0435 \u043f\u043e\u0441\u0440\u0435\u0434\u0441\u0442\u0432\u043e\u043c \u043b\u0438\u0442\u0435\u0440\u0430\u0442\u0443\u0440\u044b \u0441\u043e\u0432\u043c\u0435\u0441\u0442\u043d\u043e \u043f\u0440\u043e\u0436\u0438\u0432\u0430\u044e\u0449\u0438\u0445 \u0432 \u041c\u043e\u043b\u0434\u043e\u0432\u0435 \u044d\u0442\u043d\u043e\u0441\u043e\u0432;<\/li>\n<li>\u0423\u0437\u043d\u0430\u0435\u043c \u0434\u0440\u0443\u0433 \u0434\u0440\u0443\u0433\u0430 \u043b\u0443\u0447\u0448\u0435<em>(\u0424\u0430\u043a\u0443\u043b\u044c\u0442\u0430\u0442\u0438\u0432\u043d\u044b\u0439 \u043a\u0443\u0440\u0441 \u043f\u043e <\/em><em>\u043c\u0435\u0436\u043a\u0443\u043b\u044c\u0442\u0443\u0440\u043d<\/em><em>\u043e\u043c\u0443<\/em> <em>\u043e\u0431\u0440\u0430\u0437\u043e\u0432\u0430\u043d\u0438\u044e \u0434\u043b\u044f \u043f\u043e\u043d\u0438\u043c\u0430\u043d\u0438\u044f \u0440\u0430\u0437\u043b\u0438\u0447\u0438\u044f \u043f\u043e\u0441\u0440\u0435\u0434\u0441\u0442\u0432\u043e\u043c \u043b\u0438\u0442\u0435\u0440\u0430\u0442\u0443\u0440\u044b \u0441\u043e\u0432\u043c\u0435\u0441\u0442\u043d\u043e \u043f\u0440\u043e\u0436\u0438\u0432\u0430\u044e\u0449\u0438\u0445 \u0432 \u0420\u0435\u0441\u043f\u0443\u0431\u043b\u0438\u043a\u0435 \u041c\u043e\u043b\u0434\u043e\u0432\u0430 \u044d\u0442\u043d\u043e\u0441\u043e\u0432 (\u0440\u0443\u043c\u044b\u043d\u0441\u043a\u043e\u0439, \u0443\u043a\u0440\u0430\u0438\u043d\u0441\u043a\u043e\u0439, \u0440\u0443\u0441\u0441\u043a\u043e\u0439, \u0433\u0430\u0433\u0430\u0443\u0437\u0441\u043a\u043e\u0439, \u0431\u043e\u043b\u0433\u0430\u0440\u0441\u043a\u043e\u0439 \u043b\u0438\u0442\u0435\u0440\u0430\u0442\u0443\u0440\u044b),<\/em>\u00a0\u0440\u0443\u043c\u044b\u043d\u0441\u043a\u0438\u0439 \u0438 \u0440\u0443\u0441\u0441\u043a\u0438\u0439 \u044f\u0437\u044b\u043a\u0438 \u043e\u0431\u0443\u0447\u0435\u043d\u0438\u044f;<\/li>\n<li>\u041e\u0431\u0440\u0430\u0437\u043e\u0432\u0430\u043d\u0438\u0435 \u0434\u043b\u044f \u0415\u0432\u0440\u043e\u043f\u0435\u0439\u0441\u043a\u043e\u0439 \u0418\u043d\u0442\u0435\u0433\u0440\u0430\u0446\u0438\u0438;<\/li>\n<li>O\u0431\u0443\u0447\u0435\u043d\u0438\u0435 \u0442\u0440\u0435\u0439\u043d\u0435\u0440\u043e\u0432. \u0421\u043f\u043e\u0441\u043e\u0431\u043d\u043e\u0441\u0442\u0438 \u043f\u0440\u0438 \u0440\u0430\u0431\u043e\u0442\u0435 \u0441\u043e \u0432\u0437\u0440\u043e\u0441\u043b\u044b\u043c\u0438 TOT;<\/li>\n<li>\u0420\u0430\u0437\u0440\u0430\u0431\u043e\u0442\u043a\u0430 \u0444\u0438\u043d\u0430\u043d\u0441\u0438\u0440\u043e\u0432\u0430\u043d\u0438\u044f \u043f\u0440\u043e\u0435\u043a\u0442\u043e\u0432;<\/li>\n<li>\u041e\u0431\u0440\u0430\u0437\u043e\u0432\u0430\u0442\u0435\u043b\u044c\u043d\u043e\u0435 \u041b\u0438\u0434\u0435\u0440\u0441\u0442\u0432\u043e;<\/li>\n<li>\u041a\u0443\u043b\u044c\u0442\u0443\u0440\u0430 \u0414\u043e\u0431\u0440\u043e\u0441\u043e\u0441\u0435\u0434\u0441\u0442\u0432\u0430.<\/li>\n<\/ul>\n<p style=\"text-align: justify\">\u0421\u0442\u043e\u0439\u043c\u043e\u0441\u0442\u044c \u043a\u0430\u0436\u0434\u043e\u0433\u043e \u043a\u0443\u0440\u0441\u0430 \u0431\u0443\u0434\u0435\u0442 \u0443\u0441\u0442\u0430\u043d\u043e\u0432\u043b\u0435\u043d\u0430 \u0432 \u0437\u0430\u0432\u0438\u0441\u0438\u043c\u043e\u0441\u0442\u0438 \u043e\u0442 \u043a\u043e\u043d\u043a\u0440\u0435\u0442\u043d\u043e\u0433\u043e \u0437\u0430\u043f\u0440\u043e\u0441\u0430 (\u0440\u0430\u0437\u043c\u0435\u0440 \u0433\u0440\u0443\u043f\u043f\u044b \u0441\u0442\u0443\u0434\u0435\u043d\u0442\u043e\u0432, \u0440\u0430\u0441\u043f\u043e\u043b\u043e\u0436\u0435\u043d\u0438\u0435, \u0440\u0430\u0441\u0441\u0442\u043e\u044f\u043d\u0438\u0435 \u0434\u043e \u0433\u043e\u0440\u043e\u0434\u0430, \u043a\u043e\u0444\u0435-\u0431\u0440\u0435\u0439\u043a, \u043e\u0431\u0435\u0434 \u0438 \u0442.\u0434.).<\/p>\n<p style=\"text-align: justify\">\u041a\u043e\u043b\u0438\u0447\u0435\u0441\u0442\u0432\u043e \u043a\u0440\u0435\u0434\u0438\u0442\u043e\u0432 \u0434\u043b\u044f \u043a\u0430\u0436\u0434\u043e\u0439 \u043f\u0440\u043e\u0433\u0440\u0430\u043c\u043c\u044b \u0431\u0443\u0434\u0435\u0442 \u0440\u0430\u0441\u0441\u0447\u0438\u0442\u044b\u0432\u0430\u0442\u044c\u0441\u044f \u0432 \u0441\u043e\u043e\u0442\u0432\u0435\u0442\u0441\u0442\u0432\u0438\u0438 \u0441\u00a0 <em><strong>Regulamentul<\/strong><\/em> <em><strong>de<\/strong><\/em> <em><strong>atestare<\/strong><\/em> <em><strong>a<\/strong><\/em> <em><strong>cadrelor<\/strong><\/em> <em><strong>didactice<\/strong><\/em> <em><strong>din<\/strong><\/em><em><strong> \u00ee<\/strong><\/em><em><strong>nv<\/strong><\/em><em><strong>\u0103\u0163\u0103<\/strong><\/em><em><strong>m<\/strong><\/em><em><strong>\u00ee<\/strong><\/em><em><strong>ntul<\/strong><\/em> <em><strong>pre<\/strong><\/em><em><strong>\u015f<\/strong><\/em><em><strong>colar<\/strong><\/em><em><strong>, <\/strong><\/em><em><strong>primar<\/strong><\/em><em><strong>, <\/strong><\/em><em><strong>secundar<\/strong><\/em><em><strong>, <\/strong><\/em><em><strong>special<\/strong><\/em><em><strong>, <\/strong><\/em><em><strong>complementar<\/strong><\/em><em><strong>, <\/strong><\/em><em><strong>secundar<\/strong><\/em> <em><strong>profesional<\/strong><\/em><em><strong> \u015f<\/strong><\/em><em><strong>i<\/strong><\/em> <em><strong>mediu<\/strong><\/em> <em><strong>de<\/strong><\/em> <em><strong>specialitate<\/strong><\/em><em><strong>.<\/strong><\/em><\/p>\n<p>Lilia Nahaba<br \/>\n\u041a\u043e\u043e\u0440\u0434\u0438\u043d\u0430\u0442\u043e\u0440 \u043f\u0440\u043e\u0433\u0440\u0430\u043c\u043c\u044b<br \/>\n\u0442\u0435\u043b: (+373 22) 54 25 56, 54 19 94;<br \/>\n\u0444\u0430\u043a\u0441: (+373 22) 54 41 99.<br \/>\nemail: <a href=\"mailto:prodidactica@prodidactica.md\">prodidactica@prodidactica.md<\/a>,\u00a0<a href=\"mailto:lnahaba@prodidactica.md\">lnahaba@prodidactica.md<\/a><\/p>\n","protected":false},"excerpt":{"rendered":"<p>\u041f\u0420\u0415\u0414\u041b\u041e\u0416\u0415\u041d\u0418\u042f \u041f\u041e \u041e\u0411\u0423\u0427\u0415\u041d\u0418\u042e \u041d\u0410 2024 \u0413\u041e\u0414 \u041f\u0420\u041e\u0413\u0420\u0410\u041c\u041c\u042b \u0423\u0422\u0412\u0415\u0420\u0416\u0414\u0415\u041d\u041d\u042b\u0415 \u041c\u0418\u041d\u0418\u0421\u0422\u0415\u0420\u0421\u0422\u0412OM \u041e\u0411\u0420\u0410\u0417\u041e\u0412\u0410\u041d\u0418\u042f \u0420\u0415\u0421\u041f\u0423\u0411\u041b\u0418\u041a\u0418 \u041c\u041e\u041b\u0414\u041e\u0412\u0410 \u041f\u0420\u041e\u0413\u0420\u0410\u041c\u041c\u0410 \u0423\u0421\u041b\u0423\u0413\u0418 \u041f\u041e \u0417\u0410\u041f\u0420\u041e\u0421\u0410\u041c \u0411\u0415\u041d\u0415\u0424\u0418\u0426\u0418\u0410\u0420\u0410 \u041e\u0431\u0440\u0430\u0437\u043e\u0432\u0430\u0442\u0435\u043b\u044c\u043d\u044b\u0439 \u0446\u0435\u043d\u0442\u0440 PRO DIDACTICA \u043f\u0440\u043e\u0434\u043e\u043b\u0436\u0430\u0435\u0442 \u043f\u0440\u0435\u0434\u043e\u0441\u0442\u0430\u0432\u043b\u044f\u0442\u044c \u043e\u0431\u0443\u0447a\u044e\u0449\u0438\u0435 \u043f\u0440\u043e\u0433\u0440\u0430\u043c\u043c\u044b \u043f\u043e \u0437\u0430\u043f\u0440\u043e\u0441\u0430\u043c \u0431\u0435\u043d\u0435\u0444\u0438\u0446\u0438\u0430\u0440\u043e\u0432.\u00a0\u00a0\u0426\u0435\u043d\u0442\u0440 \u043e\u0440\u0433\u0430\u043d\u0438\u0437\u0443\u0435\u0442 \u0434\u0438\u0434\u0430\u043a\u0442\u0438\u0447\u0435\u0441\u043a\u0438\u043c\u00a0\u0438 \u043c\u0435\u043d\u0435\u0434\u0436\u0435\u0440\u0441\u043a\u0438\u043c \u043a\u0430\u0434\u0440\u0430\u043c \u0438\u0437 \u0448\u043a\u043e\u043b \u0438 \u0443\u043d\u0438\u0432\u0435\u0440\u0441\u0438\u0442\u0435\u0442\u043e\u0432 \u043a\u0443\u0440\u0441\u044b \u043f\u043e\u0432\u044b\u0448\u0435\u043d\u0438\u044f \u043a\u0432\u0430\u043b\u0438\u0444\u0438\u043a\u0430\u0446\u0438\u0438 \u0443\u0442\u0432\u0435\u0440\u0436\u0434\u0435\u043d\u043d\u044b\u0435 \u041c\u0438\u043d\u0438\u0441\u0442\u0435\u0440\u0441\u0442\u0432\u043e\u043c \u041e\u0431\u0440\u0430\u0437\u043e\u0432\u0430\u043d\u0438\u044f \u0420\u0435\u0441\u043f\u0443\u0431\u043b\u0438\u043a\u0438 \u041c\u043e\u043b\u0434\u043e\u0432\u0430\u00a0, \u0432 \u0441\u043e\u043e\u0442\u0432\u0435\u0442\u0441\u0442\u0432\u0438\u0438 \u0441\u00a0\u043f\u0440\u0438\u043a\u0430\u0437\u043e\u043c \u043do. 822 \u043e\u0442 13 \u0430\u0432\u0433\u0443\u0441\u0442\u0430 2015 \u0433\u043e\u0434\u0430. \u0421\u0435\u0440\u0442\u0438\u0444\u0438\u043a\u0430\u0442\u044b [&hellip;]<\/p>\n","protected":false},"author":1,"featured_media":0,"parent":0,"menu_order":0,"comment_status":"closed","ping_status":"closed","template":"","meta":{"_bbp_topic_count":0,"_bbp_reply_count":0,"_bbp_total_topic_count":0,"_bbp_total_reply_count":0,"_bbp_voice_count":0,"_bbp_anonymous_reply_count":0,"_bbp_topic_count_hidden":0,"_bbp_reply_count_hidden":0,"_bbp_forum_subforum_count":0},"_links":{"self":[{"href":"https:\/\/prodidactica.md\/ru\/wp-json\/wp\/v2\/pages\/1873"}],"collection":[{"href":"https:\/\/prodidactica.md\/ru\/wp-json\/wp\/v2\/pages"}],"about":[{"href":"https:\/\/prodidactica.md\/ru\/wp-json\/wp\/v2\/types\/page"}],"author":[{"embeddable":true,"href":"https:\/\/prodidactica.md\/ru\/wp-json\/wp\/v2\/users\/1"}],"replies":[{"embeddable":true,"href":"https:\/\/prodidactica.md\/ru\/wp-json\/wp\/v2\/comments?post=1873"}],"version-history":[{"count":14,"href":"https:\/\/prodidactica.md\/ru\/wp-json\/wp\/v2\/pages\/1873\/revisions"}],"predecessor-version":[{"id":77482,"href":"https:\/\/prodidactica.md\/ru\/wp-json\/wp\/v2\/pages\/1873\/revisions\/77482"}],"wp:attachment":[{"href":"https:\/\/prodidactica.md\/ru\/wp-json\/wp\/v2\/media?parent=1873"}],"curies":[{"name":"wp","href":"https:\/\/api.w.org\/{rel}","templated":true}]}}