
{"id":35181,"date":"2016-09-06T21:57:32","date_gmt":"2016-09-06T18:57:32","guid":{"rendered":"http:\/\/prodidactica.artsintez.md\/ru\/optional-curricula\/"},"modified":"2018-02-23T17:04:46","modified_gmt":"2018-02-23T15:04:46","slug":"%d1%84%d0%b0%d0%ba%d1%83%d0%bb%d1%8c%d1%82%d0%b0%d1%82%d0%b8%d0%b2%d0%bd%d1%8b%d0%b5-%d0%ba%d1%83%d1%80%d1%80%d0%b8%d0%ba%d1%83%d0%bb%d1%83%d0%bc%d1%8b","status":"publish","type":"page","link":"https:\/\/prodidactica.md\/ru\/%d1%84%d0%b0%d0%ba%d1%83%d0%bb%d1%8c%d1%82%d0%b0%d1%82%d0%b8%d0%b2%d0%bd%d1%8b%d0%b5-%d0%ba%d1%83%d1%80%d1%80%d0%b8%d0%ba%d1%83%d0%bb%d1%83%d0%bc%d1%8b\/","title":{"rendered":"\u0424\u0410\u041a\u0423\u041b\u042c\u0422\u0410\u0422\u0418\u0412\u041d\u042b\u0415 \u041a\u0423\u0420\u0420\u0418\u041a\u0423\u041b\u0423\u041c\u042b"},"content":{"rendered":"<p style=\"text-align: justify\">\u041e\u0431\u0440\u0430\u0437\u043e\u0432\u0430\u0442\u0435\u043b\u044c\u043d\u044b\u0439 \u0446\u0435\u043d\u0442\u0440 PRO DIDACTICA \u043f\u0440\u0438\u0433\u043b\u0430\u0448\u0430\u0435\u0442 \u0432\u0430\u0441 \u0432\u043e\u0441\u043f\u043e\u043b\u044c\u0437\u043e\u0432\u0430\u0442\u044c\u0441\u044f \u0432\u043e\u0437\u043c\u043e\u0436\u043d\u043e\u0441\u0442\u044c\u044e \u043e\u043d\u043b\u0430\u0439\u043d-\u0434\u043e\u0441\u0442\u0443\u043f\u0430 \u043a \u0444\u0430\u043a\u0443\u043b\u044c\u0442\u0430\u0442\u0438\u0432\u043d\u044b\u043c\u00a0\u043a\u0443\u0440\u0440\u0438\u043a\u0443\u043b\u0443\u043c\u0430\u043c.<\/p>\n<p><img decoding=\"async\" loading=\"lazy\" class=\"alignleft\" src=\"http:\/\/prodidactica.md\/wp-content\/uploads\/2010\/03\/pdf.jpg\" alt=\"\" width=\"20\" height=\"20\" \/><\/p>\n<p><a href=\"http:\/\/prodidactica.md\/wp-content\/uploads\/2018\/02\/Poster_Cultura-Bunei-Vecin\u0103t\u0103\u021bi.pdf\" target=\"_blank\">Poster Cultura Bunei Vecin\u0103t\u0103\u021bi<\/a><\/p>\n<p><img decoding=\"async\" loading=\"lazy\" class=\"alignleft\" src=\"http:\/\/prodidactica.md\/wp-content\/uploads\/2010\/03\/pdf.jpg\" alt=\"\" width=\"20\" height=\"20\" \/><\/p>\n<p><a href=\"http:\/\/prodidactica.md\/wp-content\/uploads\/2017\/10\/Curriculum_CBV_RO.pdf\" target=\"_blank\">CO Cultura bunei vecin\u0103t\u0103\u0163i clasele I-IV (ro)<\/a><\/p>\n<p><img decoding=\"async\" loading=\"lazy\" class=\"alignleft\" src=\"http:\/\/prodidactica.md\/wp-content\/uploads\/2010\/03\/pdf.jpg\" alt=\"\" width=\"20\" height=\"20\" \/><\/p>\n<p><a href=\"http:\/\/prodidactica.md\/wp-content\/uploads\/2017\/10\/Curriculum_CBV_RU.pdf\" target=\"_blank\">CO Cultura bunei vecin\u0103t\u0103\u0163i clasele I-IV (ru)<\/a><\/p>\n<p><img decoding=\"async\" loading=\"lazy\" class=\"alignleft\" src=\"http:\/\/prodidactica.md\/wp-content\/uploads\/2010\/03\/pdf.jpg\" alt=\"\" width=\"20\" height=\"20\" \/><a href=\"http:\/\/prodidactica.md\/wp-content\/uploads\/2016\/03\/CO_Cultura-Bunei-Vecin-Prescolari-RO.pdf\" target=\"_blank\" rel=\"\">CO Cultura bunei vecin\u0103t\u0103\u0163i pre\u015fcolari (ro)<\/a><\/p>\n<p><img decoding=\"async\" loading=\"lazy\" class=\"alignleft\" src=\"http:\/\/prodidactica.md\/wp-content\/uploads\/2010\/03\/pdf.jpg\" alt=\"\" width=\"20\" height=\"20\" \/><a href=\"http:\/\/prodidactica.md\/wp-content\/uploads\/2016\/03\/CO_Cultura-Bunei-Vecin-Prescolari-RU.pdf\" target=\"_blank\" rel=\"\">CO Cultura bunei vecin\u0103t\u0103\u0163i pre\u015fcolari (ru)<\/a><\/p>\n<p><img decoding=\"async\" loading=\"lazy\" class=\"alignleft\" src=\"http:\/\/prodidactica.md\/wp-content\/uploads\/2010\/03\/pdf.jpg\" alt=\"\" width=\"20\" height=\"20\" \/><a href=\"http:\/\/prodidactica.md\/wp-content\/uploads\/2016\/03\/CO_O-ora.pdf\" target=\"_blank\" rel=\"\">CO O or\u0103 pentru lectur\u0103<\/a><\/p>\n<p><img decoding=\"async\" loading=\"lazy\" class=\"alignleft\" src=\"http:\/\/prodidactica.md\/wp-content\/uploads\/2010\/03\/pdf.jpg\" alt=\"\" width=\"20\" height=\"20\" \/><a href=\"http:\/\/prodidactica.md\/wp-content\/uploads\/2016\/03\/CO_Citind-invat-sa-fiu.pdf\" target=\"_blank\" rel=\"\">CO Citind \u00eenv\u0103\u0163 s\u0103 fiu<\/a><\/p>\n<p><img decoding=\"async\" loading=\"lazy\" class=\"alignleft\" src=\"http:\/\/prodidactica.md\/wp-content\/uploads\/2010\/03\/pdf.jpg\" alt=\"\" width=\"20\" height=\"20\" \/><a href=\"http:\/\/prodidactica.md\/wp-content\/uploads\/2016\/03\/CO_Educatie-alteritate-Ro.pdf\" target=\"_blank\" rel=\"\">CO S\u0103 ne cunoa\u015ftem mai bine. Educa\u0163ie intercultural\u0103 prin intermediul literaturii etniilor conlocuitoare \u00een R. Moldova (rom\u00e2n\u0103, ucrainean\u0103, rus\u0103, g\u0103g\u0103uz\u0103, bulgar\u0103) (ro)<\/a><\/p>\n<p><img decoding=\"async\" loading=\"lazy\" class=\"alignleft\" src=\"http:\/\/prodidactica.md\/wp-content\/uploads\/2010\/03\/pdf.jpg\" alt=\"\" width=\"20\" height=\"20\" \/><a href=\"http:\/\/prodidactica.md\/wp-content\/uploads\/2016\/03\/CO_Educatie-alteritate-Ru.pdf\" target=\"_blank\" rel=\"\">CO S\u0103 ne cunoa\u015ftem mai bine. Educa\u0163ie intercultural\u0103 prin intermediul literaturii etniilor conlocuitoare \u00een R. Moldova (rom\u00e2n\u0103, ucrainean\u0103, rus\u0103, g\u0103g\u0103uz\u0103, bulgar\u0103) (ru)<\/a><\/p>\n<p><img decoding=\"async\" loading=\"lazy\" class=\"alignleft\" src=\"http:\/\/prodidactica.md\/wp-content\/uploads\/2010\/03\/pdf.jpg\" alt=\"\" width=\"20\" height=\"20\" \/><a href=\"http:\/\/prodidactica.md\/wp-content\/uploads\/2016\/03\/CO_Educatie-toleranta.pdf\" target=\"_blank\" rel=\"\">CO Educa\u0163ie pentru toleran\u0163\u0103<\/a><\/p>\n<p><img decoding=\"async\" loading=\"lazy\" class=\"alignleft\" src=\"http:\/\/prodidactica.md\/wp-content\/uploads\/2010\/03\/pdf.jpg\" alt=\"\" width=\"20\" height=\"20\" \/><a href=\"http:\/\/prodidactica.md\/wp-content\/uploads\/2017\/07\/CO_Ed-dezv-comunit.pdf\" target=\"_blank\" rel=\"\">CO Educa\u0163ie pentru dezvoltarea comunit\u0103\u0163ii<\/a><\/p>\n<p><img decoding=\"async\" loading=\"lazy\" class=\"alignleft\" src=\"http:\/\/prodidactica.md\/wp-content\/uploads\/2010\/03\/pdf.jpg\" alt=\"\" width=\"20\" height=\"20\" \/>\u00a0<a href=\"http:\/\/prodidactica.md\/wp-content\/uploads\/2017\/07\/CO_Educatie-pentru-echitate-de-gen-si-sanse-egale.pdf\" target=\"_blank\" rel=\"\">CO Educa\u0163ie pentru echitate de gen \u015fi \u015fanse egale<\/a><\/p>\n<p><img decoding=\"async\" loading=\"lazy\" class=\"alignleft\" src=\"http:\/\/prodidactica.md\/wp-content\/uploads\/2010\/03\/pdf.jpg\" alt=\"\" width=\"20\" height=\"20\" \/><a href=\"http:\/\/prodidactica.md\/wp-content\/uploads\/2017\/07\/CO_CAS.pdf\" target=\"_blank\" rel=\"\">CO S\u0103 \u00eenv\u0103\u0163\u0103m a g\u00eendi \u015fi a ac\u0163iona strategic<\/a><\/p>\n<p><img decoding=\"async\" loading=\"lazy\" class=\"alignleft\" src=\"http:\/\/prodidactica.md\/wp-content\/uploads\/2010\/03\/pdf.jpg\" alt=\"\" width=\"20\" height=\"20\" \/><\/p>\n<p><a href=\"http:\/\/prodidactica.md\/wp-content\/uploads\/2017\/07\/CO-Integrare-European\u0103-pentru-Tine.pdf\" target=\"_blank\">CO Integrare European\u0103 pentru Tine<\/a><\/p>\n","protected":false},"excerpt":{"rendered":"<p>\u041e\u0431\u0440\u0430\u0437\u043e\u0432\u0430\u0442\u0435\u043b\u044c\u043d\u044b\u0439 \u0446\u0435\u043d\u0442\u0440 PRO DIDACTICA \u043f\u0440\u0438\u0433\u043b\u0430\u0448\u0430\u0435\u0442 \u0432\u0430\u0441 \u0432\u043e\u0441\u043f\u043e\u043b\u044c\u0437\u043e\u0432\u0430\u0442\u044c\u0441\u044f \u0432\u043e\u0437\u043c\u043e\u0436\u043d\u043e\u0441\u0442\u044c\u044e \u043e\u043d\u043b\u0430\u0439\u043d-\u0434\u043e\u0441\u0442\u0443\u043f\u0430 \u043a \u0444\u0430\u043a\u0443\u043b\u044c\u0442\u0430\u0442\u0438\u0432\u043d\u044b\u043c\u00a0\u043a\u0443\u0440\u0440\u0438\u043a\u0443\u043b\u0443\u043c\u0430\u043c. Poster Cultura Bunei Vecin\u0103t\u0103\u021bi CO Cultura bunei vecin\u0103t\u0103\u0163i clasele I-IV (ro) CO Cultura bunei vecin\u0103t\u0103\u0163i clasele I-IV (ru) CO Cultura bunei vecin\u0103t\u0103\u0163i pre\u015fcolari (ro) CO Cultura bunei vecin\u0103t\u0103\u0163i pre\u015fcolari (ru) CO O or\u0103 pentru lectur\u0103 CO Citind \u00eenv\u0103\u0163 s\u0103 fiu CO S\u0103 ne cunoa\u015ftem [&hellip;]<\/p>\n","protected":false},"author":15,"featured_media":0,"parent":0,"menu_order":0,"comment_status":"closed","ping_status":"closed","template":"","meta":{"_bbp_topic_count":0,"_bbp_reply_count":0,"_bbp_total_topic_count":0,"_bbp_total_reply_count":0,"_bbp_voice_count":0,"_bbp_anonymous_reply_count":0,"_bbp_topic_count_hidden":0,"_bbp_reply_count_hidden":0,"_bbp_forum_subforum_count":0},"_links":{"self":[{"href":"https:\/\/prodidactica.md\/ru\/wp-json\/wp\/v2\/pages\/35181"}],"collection":[{"href":"https:\/\/prodidactica.md\/ru\/wp-json\/wp\/v2\/pages"}],"about":[{"href":"https:\/\/prodidactica.md\/ru\/wp-json\/wp\/v2\/types\/page"}],"author":[{"embeddable":true,"href":"https:\/\/prodidactica.md\/ru\/wp-json\/wp\/v2\/users\/15"}],"replies":[{"embeddable":true,"href":"https:\/\/prodidactica.md\/ru\/wp-json\/wp\/v2\/comments?post=35181"}],"version-history":[{"count":14,"href":"https:\/\/prodidactica.md\/ru\/wp-json\/wp\/v2\/pages\/35181\/revisions"}],"predecessor-version":[{"id":66705,"href":"https:\/\/prodidactica.md\/ru\/wp-json\/wp\/v2\/pages\/35181\/revisions\/66705"}],"wp:attachment":[{"href":"https:\/\/prodidactica.md\/ru\/wp-json\/wp\/v2\/media?parent=35181"}],"curies":[{"name":"wp","href":"https:\/\/api.w.org\/{rel}","templated":true}]}}