
{"id":64297,"date":"2016-10-19T19:43:24","date_gmt":"2016-10-19T16:43:24","guid":{"rendered":"http:\/\/prodidactica.md\/ru\/?page_id=64297"},"modified":"2017-01-18T10:56:26","modified_gmt":"2017-01-18T08:56:26","slug":"%d0%b2%d0%b8%d0%b4%d0%b5%d0%be-%d1%80%d0%b5%d1%81%d1%83%d1%80%d1%81%d1%8b","status":"publish","type":"page","link":"https:\/\/prodidactica.md\/ru\/%d0%b2%d0%b8%d0%b4%d0%b5%d0%be-%d1%80%d0%b5%d1%81%d1%83%d1%80%d1%81%d1%8b\/","title":{"rendered":"\u0412\u0418\u0414\u0415\u041e-\u0420\u0415\u0421\u0423\u0420\u0421\u042b"},"content":{"rendered":"<p><strong>EDUCA\u0162IE DE GEN \u00ceN \u015eCOAL\u0102. ELEVII \u015eI PROFESORII DIN MOLDOVA VOR PUTEA URMA UN CURS DE COMBATERE A DISCRIMIN\u0102RII<\/strong><\/p>\n<div style=\"width: 640px;\" class=\"wp-video\"><!--[if lt IE 9]><script>document.createElement('video');<\/script><![endif]-->\n<video class=\"wp-video-shortcode\" id=\"video-64297-1\" width=\"640\" height=\"360\" preload=\"metadata\" controls=\"controls\"><source type=\"video\/mp4\" src=\"http:\/\/st2.agora.md\/video\/2016\/12\/Egalitatea%20De%20Gen.mp4?_=1\" \/><a href=\"http:\/\/st2.agora.md\/video\/2016\/12\/Egalitatea%20De%20Gen.mp4\">http:\/\/st2.agora.md\/video\/2016\/12\/Egalitatea%20De%20Gen.mp4<\/a><\/video><\/div>\n<p><strong>CUNUNA DE SPERAN\u021aE. A WREATH OF HOPE!<\/strong><\/p>\n<p><iframe loading=\"lazy\" width=\"1170\" height=\"878\" src=\"https:\/\/www.youtube.com\/embed\/cRSmvIv19dw?feature=oembed\" frameborder=\"0\" allowfullscreen><\/iframe><\/p>\n<p>&nbsp;<\/p>\n","protected":false},"excerpt":{"rendered":"<p>EDUCA\u0162IE DE GEN \u00ceN \u015eCOAL\u0102. ELEVII \u015eI PROFESORII DIN MOLDOVA VOR PUTEA URMA UN CURS DE COMBATERE A DISCRIMIN\u0102RII http:\/\/st2.agora.md\/video\/2016\/12\/Egalitatea%20De%20Gen.mp4 CUNUNA DE SPERAN\u021aE. A WREATH OF HOPE! &nbsp;<\/p>\n","protected":false},"author":15,"featured_media":0,"parent":0,"menu_order":0,"comment_status":"closed","ping_status":"closed","template":"","meta":{"_bbp_topic_count":0,"_bbp_reply_count":0,"_bbp_total_topic_count":0,"_bbp_total_reply_count":0,"_bbp_voice_count":0,"_bbp_anonymous_reply_count":0,"_bbp_topic_count_hidden":0,"_bbp_reply_count_hidden":0,"_bbp_forum_subforum_count":0},"_links":{"self":[{"href":"https:\/\/prodidactica.md\/ru\/wp-json\/wp\/v2\/pages\/64297"}],"collection":[{"href":"https:\/\/prodidactica.md\/ru\/wp-json\/wp\/v2\/pages"}],"about":[{"href":"https:\/\/prodidactica.md\/ru\/wp-json\/wp\/v2\/types\/page"}],"author":[{"embeddable":true,"href":"https:\/\/prodidactica.md\/ru\/wp-json\/wp\/v2\/users\/15"}],"replies":[{"embeddable":true,"href":"https:\/\/prodidactica.md\/ru\/wp-json\/wp\/v2\/comments?post=64297"}],"version-history":[{"count":4,"href":"https:\/\/prodidactica.md\/ru\/wp-json\/wp\/v2\/pages\/64297\/revisions"}],"predecessor-version":[{"id":64731,"href":"https:\/\/prodidactica.md\/ru\/wp-json\/wp\/v2\/pages\/64297\/revisions\/64731"}],"wp:attachment":[{"href":"https:\/\/prodidactica.md\/ru\/wp-json\/wp\/v2\/media?parent=64297"}],"curies":[{"name":"wp","href":"https:\/\/api.w.org\/{rel}","templated":true}]}}